{"id":247,"date":"2018-11-15T17:47:08","date_gmt":"2018-11-15T17:47:08","guid":{"rendered":"http:\/\/kombike.es\/?page_id=247"},"modified":"2018-11-15T17:47:08","modified_gmt":"2018-11-15T17:47:08","slug":"lapierre-urbana","status":"publish","type":"page","link":"http:\/\/kombike.es\/?page_id=247","title":{"rendered":"Lapierre urbana"},"content":{"rendered":"\n<p><a href=\"https:\/\/shop.lapierrebikes.es\/bicicletas?_ga=2.232640282.464002984.1542298287-1149644161.1542126332\">Bicicletas Lapierre<\/a><\/p>\n\n\n\n<p>Desde hace m\u00e1s de 60 a\u00f1os, Lapierre\u00a0conjuga innovaci\u00f3n tecnol\u00f3gica, estetica, perfecci\u00f3n hasta en los m\u00e1s peque\u00f1os detalles, experiencia en la competici\u00f3n de alto nivel para proponerles a los apasionados las bicicletas m\u00e1s atractivas con el mejor rendimiento posible.<\/p>\n\n\n\n<figure class=\"wp-block-image\"><a href=\"https:\/\/shop.lapierrebikes.es\/commuting\"><img loading=\"lazy\" width=\"1254\" height=\"690\" src=\"http:\/\/kombike.es\/wp-content\/uploads\/2018\/11\/IMG-LP-LIF.png\" alt=\"\" class=\"wp-image-248\" srcset=\"http:\/\/kombike.es\/wp-content\/uploads\/2018\/11\/IMG-LP-LIF.png 1254w, http:\/\/kombike.es\/wp-content\/uploads\/2018\/11\/IMG-LP-LIF-300x165.png 300w, http:\/\/kombike.es\/wp-content\/uploads\/2018\/11\/IMG-LP-LIF-768x423.png 768w, http:\/\/kombike.es\/wp-content\/uploads\/2018\/11\/IMG-LP-LIF-1024x563.png 1024w\" sizes=\"(max-width: 706px) 89vw, (max-width: 767px) 82vw, 740px\" \/><\/a><figcaption><em><a href=\"https:\/\/shop.lapierrebikes.es\/commuting\">commuting<\/a><\/em><\/figcaption><\/figure>\n\n\n\n<figure class=\"wp-block-image\"><a href=\"https:\/\/shop.lapierrebikes.es\/leisure\"><img loading=\"lazy\" width=\"1254\" height=\"690\" src=\"http:\/\/kombike.es\/wp-content\/uploads\/2018\/11\/IMG-LP-LIF-LEISU.png\" alt=\"\" class=\"wp-image-249\" srcset=\"http:\/\/kombike.es\/wp-content\/uploads\/2018\/11\/IMG-LP-LIF-LEISU.png 1254w, http:\/\/kombike.es\/wp-content\/uploads\/2018\/11\/IMG-LP-LIF-LEISU-300x165.png 300w, http:\/\/kombike.es\/wp-content\/uploads\/2018\/11\/IMG-LP-LIF-LEISU-768x423.png 768w, http:\/\/kombike.es\/wp-content\/uploads\/2018\/11\/IMG-LP-LIF-LEISU-1024x563.png 1024w\" sizes=\"(max-width: 706px) 89vw, (max-width: 767px) 82vw, 740px\" \/><\/a><figcaption><em><a href=\"https:\/\/shop.lapierrebikes.es\/leisure\">leisure<\/a><\/em><\/figcaption><\/figure>\n","protected":false},"excerpt":{"rendered":"<p>Bicicletas Lapierre Desde hace m\u00e1s de 60 a\u00f1os, Lapierre\u00a0conjuga innovaci\u00f3n tecnol\u00f3gica, estetica, perfecci\u00f3n hasta en los m\u00e1s peque\u00f1os detalles, experiencia en la competici\u00f3n de alto nivel para proponerles a los apasionados las bicicletas m\u00e1s atractivas con el mejor rendimiento posible.<\/p>\n","protected":false},"author":1,"featured_media":0,"parent":0,"menu_order":0,"comment_status":"closed","ping_status":"closed","template":"","meta":[],"_links":{"self":[{"href":"http:\/\/kombike.es\/index.php?rest_route=\/wp\/v2\/pages\/247"}],"collection":[{"href":"http:\/\/kombike.es\/index.php?rest_route=\/wp\/v2\/pages"}],"about":[{"href":"http:\/\/kombike.es\/index.php?rest_route=\/wp\/v2\/types\/page"}],"author":[{"embeddable":true,"href":"http:\/\/kombike.es\/index.php?rest_route=\/wp\/v2\/users\/1"}],"replies":[{"embeddable":true,"href":"http:\/\/kombike.es\/index.php?rest_route=%2Fwp%2Fv2%2Fcomments&post=247"}],"version-history":[{"count":1,"href":"http:\/\/kombike.es\/index.php?rest_route=\/wp\/v2\/pages\/247\/revisions"}],"predecessor-version":[{"id":251,"href":"http:\/\/kombike.es\/index.php?rest_route=\/wp\/v2\/pages\/247\/revisions\/251"}],"wp:attachment":[{"href":"http:\/\/kombike.es\/index.php?rest_route=%2Fwp%2Fv2%2Fmedia&parent=247"}],"curies":[{"name":"wp","href":"https:\/\/api.w.org\/{rel}","templated":true}]}}