{"id":232,"date":"2018-11-15T17:36:03","date_gmt":"2018-11-15T17:36:03","guid":{"rendered":"http:\/\/kombike.es\/?page_id=232"},"modified":"2018-11-15T17:38:37","modified_gmt":"2018-11-15T17:38:37","slug":"lapierre-e%c2%b7bike","status":"publish","type":"page","link":"http:\/\/kombike.es\/?page_id=232","title":{"rendered":"Lapierre e\u00b7bike"},"content":{"rendered":"\n<p><a href=\"https:\/\/shop.lapierrebikes.es\/bicicletas?_ga=2.232640282.464002984.1542298287-1149644161.1542126332\">Bicicletas Lapierre<\/a><\/p>\n\n\n\n<p>Desde hace m\u00e1s de 60 a\u00f1os, Lapierre&nbsp;conjuga innovaci\u00f3n tecnol\u00f3gica, estetica, perfecci\u00f3n hasta en los m\u00e1s peque\u00f1os detalles, experiencia en la competici\u00f3n de alto nivel para proponerles a los apasionados las bicicletas m\u00e1s atractivas con el mejor rendimiento posible.<\/p>\n\n\n\n<figure class=\"wp-block-image\"><a href=\"https:\/\/shop.lapierrebikes.es\/e-mtb-integrada\"><img loading=\"lazy\" width=\"1254\" height=\"690\" src=\"http:\/\/kombike.es\/wp-content\/uploads\/2018\/11\/LP-E-BTT.png\" alt=\"\" class=\"wp-image-235\" srcset=\"http:\/\/kombike.es\/wp-content\/uploads\/2018\/11\/LP-E-BTT.png 1254w, http:\/\/kombike.es\/wp-content\/uploads\/2018\/11\/LP-E-BTT-300x165.png 300w, http:\/\/kombike.es\/wp-content\/uploads\/2018\/11\/LP-E-BTT-768x423.png 768w, http:\/\/kombike.es\/wp-content\/uploads\/2018\/11\/LP-E-BTT-1024x563.png 1024w\" sizes=\"(max-width: 706px) 89vw, (max-width: 767px) 82vw, 740px\" \/><\/a><figcaption><em><a href=\"https:\/\/shop.lapierrebikes.es\/e-mtb-integrada\" target=\"_blank\" rel=\"noreferrer noopener\">E\u00b7mtb integrada<\/a><\/em><\/figcaption><\/figure>\n\n\n\n<figure class=\"wp-block-image\"><a href=\"https:\/\/shop.lapierrebikes.es\/e-mtb\"><img loading=\"lazy\" width=\"1254\" height=\"690\" src=\"http:\/\/kombike.es\/wp-content\/uploads\/2018\/11\/LP-E-MBTT-1.png\" alt=\"\" class=\"wp-image-237\" srcset=\"http:\/\/kombike.es\/wp-content\/uploads\/2018\/11\/LP-E-MBTT-1.png 1254w, http:\/\/kombike.es\/wp-content\/uploads\/2018\/11\/LP-E-MBTT-1-300x165.png 300w, http:\/\/kombike.es\/wp-content\/uploads\/2018\/11\/LP-E-MBTT-1-768x423.png 768w, http:\/\/kombike.es\/wp-content\/uploads\/2018\/11\/LP-E-MBTT-1-1024x563.png 1024w\" sizes=\"(max-width: 706px) 89vw, (max-width: 767px) 82vw, 740px\" \/><\/a><figcaption><em><a href=\"https:\/\/shop.lapierrebikes.es\/e-mtb\" target=\"_blank\" rel=\"noreferrer noopener\">E\u00b7mtb<\/a><\/em><\/figcaption><\/figure>\n\n\n\n<figure class=\"wp-block-image\"><a href=\"https:\/\/shop.lapierrebikes.es\/e-lifestyle-semi-integrada\"><img loading=\"lazy\" width=\"1254\" height=\"690\" src=\"http:\/\/kombike.es\/wp-content\/uploads\/2018\/11\/IMG-LP-E-LIFE.png\" alt=\"\" class=\"wp-image-238\" srcset=\"http:\/\/kombike.es\/wp-content\/uploads\/2018\/11\/IMG-LP-E-LIFE.png 1254w, http:\/\/kombike.es\/wp-content\/uploads\/2018\/11\/IMG-LP-E-LIFE-300x165.png 300w, http:\/\/kombike.es\/wp-content\/uploads\/2018\/11\/IMG-LP-E-LIFE-768x423.png 768w, http:\/\/kombike.es\/wp-content\/uploads\/2018\/11\/IMG-LP-E-LIFE-1024x563.png 1024w\" sizes=\"(max-width: 706px) 89vw, (max-width: 767px) 82vw, 740px\" \/><\/a><figcaption><em><a href=\"https:\/\/shop.lapierrebikes.es\/e-lifestyle-semi-integrada\" target=\"_blank\" rel=\"noreferrer noopener\">E\u00b7life semi integrada<\/a><\/em><\/figcaption><\/figure>\n\n\n\n<figure class=\"wp-block-image\"><a href=\"https:\/\/shop.lapierrebikes.es\/e-lifestyle\"><img loading=\"lazy\" width=\"1254\" height=\"690\" src=\"http:\/\/kombike.es\/wp-content\/uploads\/2018\/11\/IMG-LP-E-LIFE-INT.png\" alt=\"\" class=\"wp-image-239\" srcset=\"http:\/\/kombike.es\/wp-content\/uploads\/2018\/11\/IMG-LP-E-LIFE-INT.png 1254w, http:\/\/kombike.es\/wp-content\/uploads\/2018\/11\/IMG-LP-E-LIFE-INT-300x165.png 300w, http:\/\/kombike.es\/wp-content\/uploads\/2018\/11\/IMG-LP-E-LIFE-INT-768x423.png 768w, http:\/\/kombike.es\/wp-content\/uploads\/2018\/11\/IMG-LP-E-LIFE-INT-1024x563.png 1024w\" sizes=\"(max-width: 706px) 89vw, (max-width: 767px) 82vw, 740px\" \/><\/a><figcaption><em><a href=\"https:\/\/shop.lapierrebikes.es\/e-lifestyle\" target=\"_blank\" rel=\"noreferrer noopener\">E\u00b7life<\/a><\/em><\/figcaption><\/figure>\n","protected":false},"excerpt":{"rendered":"<p>Bicicletas Lapierre Desde hace m\u00e1s de 60 a\u00f1os, Lapierre&nbsp;conjuga innovaci\u00f3n tecnol\u00f3gica, estetica, perfecci\u00f3n hasta en los m\u00e1s peque\u00f1os detalles, experiencia en la competici\u00f3n de alto nivel para proponerles a los apasionados las bicicletas m\u00e1s atractivas con el mejor rendimiento posible.<\/p>\n","protected":false},"author":1,"featured_media":0,"parent":0,"menu_order":0,"comment_status":"closed","ping_status":"closed","template":"","meta":[],"_links":{"self":[{"href":"http:\/\/kombike.es\/index.php?rest_route=\/wp\/v2\/pages\/232"}],"collection":[{"href":"http:\/\/kombike.es\/index.php?rest_route=\/wp\/v2\/pages"}],"about":[{"href":"http:\/\/kombike.es\/index.php?rest_route=\/wp\/v2\/types\/page"}],"author":[{"embeddable":true,"href":"http:\/\/kombike.es\/index.php?rest_route=\/wp\/v2\/users\/1"}],"replies":[{"embeddable":true,"href":"http:\/\/kombike.es\/index.php?rest_route=%2Fwp%2Fv2%2Fcomments&post=232"}],"version-history":[{"count":4,"href":"http:\/\/kombike.es\/index.php?rest_route=\/wp\/v2\/pages\/232\/revisions"}],"predecessor-version":[{"id":245,"href":"http:\/\/kombike.es\/index.php?rest_route=\/wp\/v2\/pages\/232\/revisions\/245"}],"wp:attachment":[{"href":"http:\/\/kombike.es\/index.php?rest_route=%2Fwp%2Fv2%2Fmedia&parent=232"}],"curies":[{"name":"wp","href":"https:\/\/api.w.org\/{rel}","templated":true}]}}