{"id":216,"date":"2018-11-15T17:18:06","date_gmt":"2018-11-15T17:18:06","guid":{"rendered":"http:\/\/kombike.es\/?page_id=216"},"modified":"2018-11-15T17:56:26","modified_gmt":"2018-11-15T17:56:26","slug":"lapierre-btt","status":"publish","type":"page","link":"http:\/\/kombike.es\/?page_id=216","title":{"rendered":"Lapierre btt"},"content":{"rendered":"\n<p><a href=\"https:\/\/shop.lapierrebikes.es\/bicicletas?_ga=2.232640282.464002984.1542298287-1149644161.1542126332\">Bicicletas Lapierre<\/a><\/p>\n\n\n\n<p>\tSea cual sea su pr\u00e1ctica : competicion (BTT o carretera), deporte ocio, excursiones, fitness\u2026 encontrar\u00e1 en Lapierre&nbsp;la bicicleta de sus sue\u00f1os, concebida y ensamblada en Francia con todas las de la ley.<br><br>L\u00edder de la venta de BTT en la categor\u00eda \u00ab alta gama \u00bb en el mercado franc\u00e9s, la marca Lapierre est\u00e1 conquistando al resto del mundo.&nbsp;<br><br>60 a\u00f1os de innovacion con nuestros sistemas patentados de suspension trasera FPS y OST, verdaderos avances tecnologicos en el mundo de la BTT.<br><br>La reducci\u00f3n del peso de nuestras bicicletas sigue siendo el centro de nuestras investigaciones, y nuestra meta es optimizar cada grama. Aunque las bicicletas Lapierre sean unas de las m\u00e1s ligeras del mercado, nos negamos a tomar riesgos inutiles que comprometan las prestaciones o la fiabilidad de nuestras bicicletas.<\/p>\n\n\n\n<figure class=\"wp-block-image\"><a href=\"https:\/\/shop.lapierrebikes.es\/cross-country\"><img loading=\"lazy\" width=\"1800\" height=\"991\" src=\"http:\/\/kombike.es\/wp-content\/uploads\/2018\/11\/Cross-count-1.png\" alt=\"\" class=\"wp-image-225\" srcset=\"http:\/\/kombike.es\/wp-content\/uploads\/2018\/11\/Cross-count-1.png 1800w, http:\/\/kombike.es\/wp-content\/uploads\/2018\/11\/Cross-count-1-300x165.png 300w, http:\/\/kombike.es\/wp-content\/uploads\/2018\/11\/Cross-count-1-768x423.png 768w, http:\/\/kombike.es\/wp-content\/uploads\/2018\/11\/Cross-count-1-1024x564.png 1024w\" sizes=\"(max-width: 706px) 89vw, (max-width: 767px) 82vw, 740px\" \/><\/a><figcaption><em>cross country<\/em><\/figcaption><\/figure>\n\n\n\n<figure class=\"wp-block-image\"><img loading=\"lazy\" width=\"1800\" height=\"991\" src=\"http:\/\/kombike.es\/wp-content\/uploads\/2018\/11\/Cross-count-1.png\" alt=\"\" class=\"wp-image-225\" srcset=\"http:\/\/kombike.es\/wp-content\/uploads\/2018\/11\/Cross-count-1.png 1800w, http:\/\/kombike.es\/wp-content\/uploads\/2018\/11\/Cross-count-1-300x165.png 300w, http:\/\/kombike.es\/wp-content\/uploads\/2018\/11\/Cross-count-1-768x423.png 768w, http:\/\/kombike.es\/wp-content\/uploads\/2018\/11\/Cross-count-1-1024x564.png 1024w\" sizes=\"(max-width: 706px) 89vw, (max-width: 767px) 82vw, 740px\" \/><\/figure>\n\n\n\n<figure class=\"wp-block-image\"><a href=\"https:\/\/shop.lapierrebikes.es\/enduro\"><img loading=\"lazy\" width=\"1254\" height=\"690\" src=\"http:\/\/kombike.es\/wp-content\/uploads\/2018\/11\/IMG-LP-END.png\" alt=\"\" class=\"wp-image-226\" srcset=\"http:\/\/kombike.es\/wp-content\/uploads\/2018\/11\/IMG-LP-END.png 1254w, http:\/\/kombike.es\/wp-content\/uploads\/2018\/11\/IMG-LP-END-300x165.png 300w, http:\/\/kombike.es\/wp-content\/uploads\/2018\/11\/IMG-LP-END-768x423.png 768w, http:\/\/kombike.es\/wp-content\/uploads\/2018\/11\/IMG-LP-END-1024x563.png 1024w\" sizes=\"(max-width: 706px) 89vw, (max-width: 767px) 82vw, 740px\" \/><\/a><figcaption><em>enduro<\/em><\/figcaption><\/figure>\n\n\n\n<figure class=\"wp-block-image\"><img loading=\"lazy\" width=\"1254\" height=\"690\" src=\"http:\/\/kombike.es\/wp-content\/uploads\/2018\/11\/IMG-LP-ALL.png\" alt=\"\" class=\"wp-image-227\" srcset=\"http:\/\/kombike.es\/wp-content\/uploads\/2018\/11\/IMG-LP-ALL.png 1254w, http:\/\/kombike.es\/wp-content\/uploads\/2018\/11\/IMG-LP-ALL-300x165.png 300w, http:\/\/kombike.es\/wp-content\/uploads\/2018\/11\/IMG-LP-ALL-768x423.png 768w, http:\/\/kombike.es\/wp-content\/uploads\/2018\/11\/IMG-LP-ALL-1024x563.png 1024w\" sizes=\"(max-width: 706px) 89vw, (max-width: 767px) 82vw, 740px\" \/><figcaption><em><a href=\"https:\/\/shop.lapierrebikes.es\/trail\">trail<\/a><\/em><\/figcaption><\/figure>\n\n\n\n<figure class=\"wp-block-image\"><img loading=\"lazy\" width=\"1254\" height=\"690\" src=\"http:\/\/kombike.es\/wp-content\/uploads\/2018\/11\/IMG-LP-WOM.png\" alt=\"\" class=\"wp-image-228\" srcset=\"http:\/\/kombike.es\/wp-content\/uploads\/2018\/11\/IMG-LP-WOM.png 1254w, http:\/\/kombike.es\/wp-content\/uploads\/2018\/11\/IMG-LP-WOM-300x165.png 300w, http:\/\/kombike.es\/wp-content\/uploads\/2018\/11\/IMG-LP-WOM-768x423.png 768w, http:\/\/kombike.es\/wp-content\/uploads\/2018\/11\/IMG-LP-WOM-1024x563.png 1024w\" sizes=\"(max-width: 706px) 89vw, (max-width: 767px) 82vw, 740px\" \/><figcaption><em><a href=\"https:\/\/shop.lapierrebikes.es\/mujer-0\">woman<\/a><\/em><\/figcaption><\/figure>\n\n\n\n<figure class=\"wp-block-image\"><a href=\"https:\/\/shop.lapierrebikes.es\/tandem-vtt-2018\"><img loading=\"lazy\" width=\"1254\" height=\"690\" src=\"http:\/\/kombike.es\/wp-content\/uploads\/2018\/11\/IMG-LP-TANDEM.png\" alt=\"\" class=\"wp-image-229\" srcset=\"http:\/\/kombike.es\/wp-content\/uploads\/2018\/11\/IMG-LP-TANDEM.png 1254w, http:\/\/kombike.es\/wp-content\/uploads\/2018\/11\/IMG-LP-TANDEM-300x165.png 300w, http:\/\/kombike.es\/wp-content\/uploads\/2018\/11\/IMG-LP-TANDEM-768x423.png 768w, http:\/\/kombike.es\/wp-content\/uploads\/2018\/11\/IMG-LP-TANDEM-1024x563.png 1024w\" sizes=\"(max-width: 706px) 89vw, (max-width: 767px) 82vw, 740px\" \/><\/a><figcaption><em>tandem<\/em><\/figcaption><\/figure>\n\n\n\n<p><br><\/p>\n\n\n\n<p><br><\/p>\n\n\n\n<p><br><\/p>\n","protected":false},"excerpt":{"rendered":"<p>Bicicletas Lapierre Sea cual sea su pr\u00e1ctica : competicion (BTT o carretera), deporte ocio, excursiones, fitness\u2026 encontrar\u00e1 en Lapierre&nbsp;la bicicleta de sus sue\u00f1os, concebida y ensamblada en Francia con todas las de la ley. L\u00edder de la venta de BTT en la categor\u00eda \u00ab alta gama \u00bb en el mercado franc\u00e9s, la marca Lapierre est\u00e1 &hellip; <\/p>\n<p class=\"link-more\"><a href=\"http:\/\/kombike.es\/?page_id=216\" class=\"more-link\">Continuar leyendo<span class=\"screen-reader-text\"> \u00abLapierre btt\u00bb<\/span><\/a><\/p>\n","protected":false},"author":1,"featured_media":0,"parent":0,"menu_order":0,"comment_status":"closed","ping_status":"closed","template":"","meta":[],"_links":{"self":[{"href":"http:\/\/kombike.es\/index.php?rest_route=\/wp\/v2\/pages\/216"}],"collection":[{"href":"http:\/\/kombike.es\/index.php?rest_route=\/wp\/v2\/pages"}],"about":[{"href":"http:\/\/kombike.es\/index.php?rest_route=\/wp\/v2\/types\/page"}],"author":[{"embeddable":true,"href":"http:\/\/kombike.es\/index.php?rest_route=\/wp\/v2\/users\/1"}],"replies":[{"embeddable":true,"href":"http:\/\/kombike.es\/index.php?rest_route=%2Fwp%2Fv2%2Fcomments&post=216"}],"version-history":[{"count":4,"href":"http:\/\/kombike.es\/index.php?rest_route=\/wp\/v2\/pages\/216\/revisions"}],"predecessor-version":[{"id":264,"href":"http:\/\/kombike.es\/index.php?rest_route=\/wp\/v2\/pages\/216\/revisions\/264"}],"wp:attachment":[{"href":"http:\/\/kombike.es\/index.php?rest_route=%2Fwp%2Fv2%2Fmedia&parent=216"}],"curies":[{"name":"wp","href":"https:\/\/api.w.org\/{rel}","templated":true}]}}