{"id":193,"date":"2018-11-12T16:37:08","date_gmt":"2018-11-12T16:37:08","guid":{"rendered":"http:\/\/kombike.es\/?page_id=193"},"modified":"2018-11-15T17:56:40","modified_gmt":"2018-11-15T17:56:40","slug":"lapierre-road","status":"publish","type":"page","link":"http:\/\/kombike.es\/?page_id=193","title":{"rendered":"Lapierre road"},"content":{"rendered":"\n<p><a href=\"https:\/\/shop.lapierrebikes.es\/bicicletas?_ga=2.232640282.464002984.1542298287-1149644161.1542126332\">Bicicletas Lapierre<\/a><\/p>\n\n\n\n<p>Desde hace m\u00e1s de 60 a\u00f1os, Lapierre&nbsp;conjuga innovaci\u00f3n tecnol\u00f3gica, estetica, perfecci\u00f3n hasta en los m\u00e1s peque\u00f1os detalles, experiencia en la competici\u00f3n de alto nivel para proponerles a los apasionados las bicicletas m\u00e1s atractivas con el mejor rendimiento posible<strong>.<\/strong><\/p>\n\n\n\n<figure class=\"wp-block-image\"><a href=\"https:\/\/shop.lapierrebikes.es\/race\"><img loading=\"lazy\" width=\"1254\" height=\"690\" src=\"http:\/\/kombike.es\/wp-content\/uploads\/2018\/11\/LP_ROAD-RACE.png\" alt=\"\" class=\"wp-image-208\" srcset=\"http:\/\/kombike.es\/wp-content\/uploads\/2018\/11\/LP_ROAD-RACE.png 1254w, http:\/\/kombike.es\/wp-content\/uploads\/2018\/11\/LP_ROAD-RACE-300x165.png 300w, http:\/\/kombike.es\/wp-content\/uploads\/2018\/11\/LP_ROAD-RACE-768x423.png 768w, http:\/\/kombike.es\/wp-content\/uploads\/2018\/11\/LP_ROAD-RACE-1024x563.png 1024w\" sizes=\"(max-width: 706px) 89vw, (max-width: 767px) 82vw, 740px\" \/><\/a><figcaption><em><a href=\"https:\/\/shop.lapierrebikes.es\/race\">race<\/a><\/em><\/figcaption><\/figure>\n\n\n\n<figure class=\"wp-block-image\"><a href=\"https:\/\/shop.lapierrebikes.es\/endurance\"><img loading=\"lazy\" width=\"1254\" height=\"690\" src=\"http:\/\/kombike.es\/wp-content\/uploads\/2018\/11\/LP_ROAD-ENDURANCE.png\" alt=\"\" class=\"wp-image-206\" srcset=\"http:\/\/kombike.es\/wp-content\/uploads\/2018\/11\/LP_ROAD-ENDURANCE.png 1254w, http:\/\/kombike.es\/wp-content\/uploads\/2018\/11\/LP_ROAD-ENDURANCE-300x165.png 300w, http:\/\/kombike.es\/wp-content\/uploads\/2018\/11\/LP_ROAD-ENDURANCE-768x423.png 768w, http:\/\/kombike.es\/wp-content\/uploads\/2018\/11\/LP_ROAD-ENDURANCE-1024x563.png 1024w\" sizes=\"(max-width: 706px) 89vw, (max-width: 767px) 82vw, 740px\" \/><\/a><figcaption><em><a href=\"https:\/\/shop.lapierrebikes.es\/endurance\">endurance<\/a><\/em><\/figcaption><\/figure>\n\n\n\n<figure class=\"wp-block-image\"><a href=\"https:\/\/shop.lapierrebikes.es\/time-trial\"><img loading=\"lazy\" width=\"1254\" height=\"690\" src=\"http:\/\/kombike.es\/wp-content\/uploads\/2018\/11\/LP_ROAD-TRI.png\" alt=\"\" class=\"wp-image-210\" srcset=\"http:\/\/kombike.es\/wp-content\/uploads\/2018\/11\/LP_ROAD-TRI.png 1254w, http:\/\/kombike.es\/wp-content\/uploads\/2018\/11\/LP_ROAD-TRI-300x165.png 300w, http:\/\/kombike.es\/wp-content\/uploads\/2018\/11\/LP_ROAD-TRI-768x423.png 768w, http:\/\/kombike.es\/wp-content\/uploads\/2018\/11\/LP_ROAD-TRI-1024x563.png 1024w\" sizes=\"(max-width: 706px) 89vw, (max-width: 767px) 82vw, 740px\" \/><\/a><figcaption><em><a href=\"https:\/\/shop.lapierrebikes.es\/time-trial\">triatlhon<\/a><\/em><\/figcaption><\/figure>\n\n\n\n<figure class=\"wp-block-image\"><a href=\"https:\/\/shop.lapierrebikes.es\/sport-0\"><img loading=\"lazy\" width=\"1254\" height=\"690\" src=\"http:\/\/kombike.es\/wp-content\/uploads\/2018\/11\/LP_ROAD-SPORT.png\" alt=\"\" class=\"wp-image-209\" srcset=\"http:\/\/kombike.es\/wp-content\/uploads\/2018\/11\/LP_ROAD-SPORT.png 1254w, http:\/\/kombike.es\/wp-content\/uploads\/2018\/11\/LP_ROAD-SPORT-300x165.png 300w, http:\/\/kombike.es\/wp-content\/uploads\/2018\/11\/LP_ROAD-SPORT-768x423.png 768w, http:\/\/kombike.es\/wp-content\/uploads\/2018\/11\/LP_ROAD-SPORT-1024x563.png 1024w\" sizes=\"(max-width: 706px) 89vw, (max-width: 767px) 82vw, 740px\" \/><\/a><figcaption><em><a href=\"https:\/\/shop.lapierrebikes.es\/sport-0\">sport<\/a><\/em><\/figcaption><\/figure>\n\n\n\n<figure class=\"wp-block-image\"><a href=\"https:\/\/shop.lapierrebikes.es\/cyclo-cross-gravel\"><img loading=\"lazy\" width=\"1254\" height=\"690\" src=\"http:\/\/kombike.es\/wp-content\/uploads\/2018\/11\/LP_ROAD-GRAV.png\" alt=\"\" class=\"wp-image-207\" srcset=\"http:\/\/kombike.es\/wp-content\/uploads\/2018\/11\/LP_ROAD-GRAV.png 1254w, http:\/\/kombike.es\/wp-content\/uploads\/2018\/11\/LP_ROAD-GRAV-300x165.png 300w, http:\/\/kombike.es\/wp-content\/uploads\/2018\/11\/LP_ROAD-GRAV-768x423.png 768w, http:\/\/kombike.es\/wp-content\/uploads\/2018\/11\/LP_ROAD-GRAV-1024x563.png 1024w\" sizes=\"(max-width: 706px) 89vw, (max-width: 767px) 82vw, 740px\" \/><\/a><figcaption><em><a href=\"https:\/\/shop.lapierrebikes.es\/cyclo-cross-gravel\">gravel<\/a><\/em><\/figcaption><\/figure>\n\n\n\n<figure class=\"wp-block-image\"><a href=\"https:\/\/shop.lapierrebikes.es\/mujer\"><img loading=\"lazy\" width=\"1254\" height=\"690\" src=\"http:\/\/kombike.es\/wp-content\/uploads\/2018\/11\/LP_ROAD-WOM.png\" alt=\"\" class=\"wp-image-211\" srcset=\"http:\/\/kombike.es\/wp-content\/uploads\/2018\/11\/LP_ROAD-WOM.png 1254w, http:\/\/kombike.es\/wp-content\/uploads\/2018\/11\/LP_ROAD-WOM-300x165.png 300w, http:\/\/kombike.es\/wp-content\/uploads\/2018\/11\/LP_ROAD-WOM-768x423.png 768w, http:\/\/kombike.es\/wp-content\/uploads\/2018\/11\/LP_ROAD-WOM-1024x563.png 1024w\" sizes=\"(max-width: 706px) 89vw, (max-width: 767px) 82vw, 740px\" \/><\/a><figcaption><em><a href=\"https:\/\/shop.lapierrebikes.es\/mujer\">woman<\/a><\/em><\/figcaption><\/figure>\n\n\n\n<figure class=\"wp-block-image\"><img alt=\"\"\/><\/figure>\n","protected":false},"excerpt":{"rendered":"<p>Bicicletas Lapierre Desde hace m\u00e1s de 60 a\u00f1os, Lapierre&nbsp;conjuga innovaci\u00f3n tecnol\u00f3gica, estetica, perfecci\u00f3n hasta en los m\u00e1s peque\u00f1os detalles, experiencia en la competici\u00f3n de alto nivel para proponerles a los apasionados las bicicletas m\u00e1s atractivas con el mejor rendimiento posible.<\/p>\n","protected":false},"author":1,"featured_media":0,"parent":0,"menu_order":0,"comment_status":"closed","ping_status":"closed","template":"","meta":[],"_links":{"self":[{"href":"http:\/\/kombike.es\/index.php?rest_route=\/wp\/v2\/pages\/193"}],"collection":[{"href":"http:\/\/kombike.es\/index.php?rest_route=\/wp\/v2\/pages"}],"about":[{"href":"http:\/\/kombike.es\/index.php?rest_route=\/wp\/v2\/types\/page"}],"author":[{"embeddable":true,"href":"http:\/\/kombike.es\/index.php?rest_route=\/wp\/v2\/users\/1"}],"replies":[{"embeddable":true,"href":"http:\/\/kombike.es\/index.php?rest_route=%2Fwp%2Fv2%2Fcomments&post=193"}],"version-history":[{"count":7,"href":"http:\/\/kombike.es\/index.php?rest_route=\/wp\/v2\/pages\/193\/revisions"}],"predecessor-version":[{"id":266,"href":"http:\/\/kombike.es\/index.php?rest_route=\/wp\/v2\/pages\/193\/revisions\/266"}],"wp:attachment":[{"href":"http:\/\/kombike.es\/index.php?rest_route=%2Fwp%2Fv2%2Fmedia&parent=193"}],"curies":[{"name":"wp","href":"https:\/\/api.w.org\/{rel}","templated":true}]}}