{"id":178,"date":"2018-11-13T15:49:30","date_gmt":"2018-11-13T15:49:30","guid":{"rendered":"http:\/\/kombike.es\/?page_id=178"},"modified":"2018-11-13T15:52:23","modified_gmt":"2018-11-13T15:52:23","slug":"bh-urbanas","status":"publish","type":"page","link":"http:\/\/kombike.es\/?page_id=178","title":{"rendered":"BH urbanas"},"content":{"rendered":"\n<p>Bicicletas BH<\/p>\n\n\n\n<p>Te presentamos la nueva evoluci\u00f3n en bicicletas urbanas y sport: nuestra exclusiva gama de bicicletas lifestyle. Lineas estilizadas y rompedoras, dise\u00f1o minimalista, cuidados detalles, \u00faltimas tecnolog\u00edas, conectividad mobile. La gama urbana y sport m\u00e1s avanzada del mercado. No volveras a mirar a tu bici de la misma manera.<\/p>\n\n\n\n<p><br><\/p>\n\n\n\n<figure class=\"wp-block-image\"><a href=\"https:\/\/www.bhbikes.com\/es_ES\/bicicletas\/fitness-y-urbanas\/lifestyle\"><img loading=\"lazy\" width=\"3636\" height=\"2000\" src=\"http:\/\/kombike.es\/wp-content\/uploads\/2018\/11\/BH-CITY_2.jpg\" alt=\"\" class=\"wp-image-182\" srcset=\"http:\/\/kombike.es\/wp-content\/uploads\/2018\/11\/BH-CITY_2.jpg 3636w, http:\/\/kombike.es\/wp-content\/uploads\/2018\/11\/BH-CITY_2-300x165.jpg 300w, http:\/\/kombike.es\/wp-content\/uploads\/2018\/11\/BH-CITY_2-768x422.jpg 768w, http:\/\/kombike.es\/wp-content\/uploads\/2018\/11\/BH-CITY_2-1024x563.jpg 1024w\" sizes=\"(max-width: 706px) 89vw, (max-width: 767px) 82vw, 740px\" \/><\/a><figcaption><em>city<\/em><\/figcaption><\/figure>\n","protected":false},"excerpt":{"rendered":"<p>Bicicletas BH Te presentamos la nueva evoluci\u00f3n en bicicletas urbanas y sport: nuestra exclusiva gama de bicicletas lifestyle. Lineas estilizadas y rompedoras, dise\u00f1o minimalista, cuidados detalles, \u00faltimas tecnolog\u00edas, conectividad mobile. La gama urbana y sport m\u00e1s avanzada del mercado. No volveras a mirar a tu bici de la misma manera.<\/p>\n","protected":false},"author":1,"featured_media":0,"parent":0,"menu_order":0,"comment_status":"closed","ping_status":"closed","template":"","meta":[],"_links":{"self":[{"href":"http:\/\/kombike.es\/index.php?rest_route=\/wp\/v2\/pages\/178"}],"collection":[{"href":"http:\/\/kombike.es\/index.php?rest_route=\/wp\/v2\/pages"}],"about":[{"href":"http:\/\/kombike.es\/index.php?rest_route=\/wp\/v2\/types\/page"}],"author":[{"embeddable":true,"href":"http:\/\/kombike.es\/index.php?rest_route=\/wp\/v2\/users\/1"}],"replies":[{"embeddable":true,"href":"http:\/\/kombike.es\/index.php?rest_route=%2Fwp%2Fv2%2Fcomments&post=178"}],"version-history":[{"count":3,"href":"http:\/\/kombike.es\/index.php?rest_route=\/wp\/v2\/pages\/178\/revisions"}],"predecessor-version":[{"id":183,"href":"http:\/\/kombike.es\/index.php?rest_route=\/wp\/v2\/pages\/178\/revisions\/183"}],"wp:attachment":[{"href":"http:\/\/kombike.es\/index.php?rest_route=%2Fwp%2Fv2%2Fmedia&parent=178"}],"curies":[{"name":"wp","href":"https:\/\/api.w.org\/{rel}","templated":true}]}}