{"id":163,"date":"2018-11-12T21:37:08","date_gmt":"2018-11-12T21:37:08","guid":{"rendered":"http:\/\/kombike.es\/?page_id=163"},"modified":"2018-11-12T21:43:59","modified_gmt":"2018-11-12T21:43:59","slug":"bh-e%c2%b7bike","status":"publish","type":"page","link":"http:\/\/kombike.es\/?page_id=163","title":{"rendered":"BH e\u00b7bike"},"content":{"rendered":"\n<p><a href=\"https:\/\/www.bhbikes.com\/es_ES\/bicicletas\/bicicletas-electricas\">+BH electricas<\/a><\/p>\n\n\n\n<p>Las bicicletas electricas de monta\u00f1a ampliaran tu potencia de pedaleo y te har\u00e1n descubrir una nueva pasi\u00f3n por el mountainbike. Llegar\u00e1s a nuevos lugares hasta ahora inalcanzables. Recorrer\u00e1s m\u00e1s kil\u00f3metros. Rodar\u00e1s a m\u00e1s velocidad. Tecnolog\u00eda exclusiva y de vanguardia para ir m\u00e1s lejos y m\u00e1s r\u00e1pido que nunca. Motores silenciosos, mayor autonom\u00eda de bater\u00eda, gran respuesta en cualquier terreno y condici\u00f3n que te encuentres.<\/p>\n\n\n\n<figure class=\"wp-block-image\"><a href=\"https:\/\/www.bhbikes.com\/es_ES\/bicicletas\/bicicletas-electricas\/bicicletas-electricas-de-montana\"><img loading=\"lazy\" width=\"3636\" height=\"2000\" src=\"http:\/\/kombike.es\/wp-content\/uploads\/2018\/11\/BH-ELECTRI.jpg\" alt=\"\" class=\"wp-image-164\" srcset=\"http:\/\/kombike.es\/wp-content\/uploads\/2018\/11\/BH-ELECTRI.jpg 3636w, http:\/\/kombike.es\/wp-content\/uploads\/2018\/11\/BH-ELECTRI-300x165.jpg 300w, http:\/\/kombike.es\/wp-content\/uploads\/2018\/11\/BH-ELECTRI-768x422.jpg 768w, http:\/\/kombike.es\/wp-content\/uploads\/2018\/11\/BH-ELECTRI-1024x563.jpg 1024w\" sizes=\"(max-width: 706px) 89vw, (max-width: 767px) 82vw, 740px\" \/><\/a><figcaption><em><a href=\"https:\/\/www.bhbikes.com\/es_ES\/bicicletas\/bicicletas-electricas\/bicicletas-electricas-de-montana\">btt<\/a><\/em><\/figcaption><\/figure>\n\n\n\n<figure class=\"wp-block-image\"><a href=\"https:\/\/www.bhbikes.com\/es_ES\/bicicletas\/bicicletas-electricas\/bicicletas-electricas-hibridas\"><img loading=\"lazy\" width=\"3636\" height=\"2000\" src=\"http:\/\/kombike.es\/wp-content\/uploads\/2018\/11\/BH-ELECTR.jpg\" alt=\"\" class=\"wp-image-122\" srcset=\"http:\/\/kombike.es\/wp-content\/uploads\/2018\/11\/BH-ELECTR.jpg 3636w, http:\/\/kombike.es\/wp-content\/uploads\/2018\/11\/BH-ELECTR-300x165.jpg 300w, http:\/\/kombike.es\/wp-content\/uploads\/2018\/11\/BH-ELECTR-768x422.jpg 768w, http:\/\/kombike.es\/wp-content\/uploads\/2018\/11\/BH-ELECTR-1024x563.jpg 1024w\" sizes=\"(max-width: 706px) 89vw, (max-width: 767px) 82vw, 740px\" \/><\/a><figcaption><em><a href=\"https:\/\/www.bhbikes.com\/es_ES\/bicicletas\/bicicletas-electricas\/bicicletas-electricas-hibridas\">h\u00edbridas<\/a><\/em><\/figcaption><\/figure>\n\n\n\n<figure class=\"wp-block-image\"><a href=\"https:\/\/www.bhbikes.com\/es_ES\/bicicletas\/bicicletas-electricas\/bicicletas-electricas-urbanas\"><img loading=\"lazy\" width=\"3636\" height=\"2000\" src=\"http:\/\/kombike.es\/wp-content\/uploads\/2018\/11\/BH-ELECTR-CITY.jpg\" alt=\"\" class=\"wp-image-171\" srcset=\"http:\/\/kombike.es\/wp-content\/uploads\/2018\/11\/BH-ELECTR-CITY.jpg 3636w, http:\/\/kombike.es\/wp-content\/uploads\/2018\/11\/BH-ELECTR-CITY-300x165.jpg 300w, http:\/\/kombike.es\/wp-content\/uploads\/2018\/11\/BH-ELECTR-CITY-768x422.jpg 768w, http:\/\/kombike.es\/wp-content\/uploads\/2018\/11\/BH-ELECTR-CITY-1024x563.jpg 1024w\" sizes=\"(max-width: 706px) 89vw, (max-width: 767px) 82vw, 740px\" \/><\/a><figcaption><em><a href=\"https:\/\/www.bhbikes.com\/es_ES\/bicicletas\/bicicletas-electricas\/bicicletas-electricas-urbanas\">urbanas<\/a><\/em><\/figcaption><\/figure>\n","protected":false},"excerpt":{"rendered":"<p>+BH electricas Las bicicletas electricas de monta\u00f1a ampliaran tu potencia de pedaleo y te har\u00e1n descubrir una nueva pasi\u00f3n por el mountainbike. Llegar\u00e1s a nuevos lugares hasta ahora inalcanzables. Recorrer\u00e1s m\u00e1s kil\u00f3metros. Rodar\u00e1s a m\u00e1s velocidad. Tecnolog\u00eda exclusiva y de vanguardia para ir m\u00e1s lejos y m\u00e1s r\u00e1pido que nunca. Motores silenciosos, mayor autonom\u00eda de &hellip; <\/p>\n<p class=\"link-more\"><a href=\"http:\/\/kombike.es\/?page_id=163\" class=\"more-link\">Continuar leyendo<span class=\"screen-reader-text\"> \u00abBH e\u00b7bike\u00bb<\/span><\/a><\/p>\n","protected":false},"author":1,"featured_media":0,"parent":0,"menu_order":0,"comment_status":"closed","ping_status":"closed","template":"","meta":[],"_links":{"self":[{"href":"http:\/\/kombike.es\/index.php?rest_route=\/wp\/v2\/pages\/163"}],"collection":[{"href":"http:\/\/kombike.es\/index.php?rest_route=\/wp\/v2\/pages"}],"about":[{"href":"http:\/\/kombike.es\/index.php?rest_route=\/wp\/v2\/types\/page"}],"author":[{"embeddable":true,"href":"http:\/\/kombike.es\/index.php?rest_route=\/wp\/v2\/users\/1"}],"replies":[{"embeddable":true,"href":"http:\/\/kombike.es\/index.php?rest_route=%2Fwp%2Fv2%2Fcomments&post=163"}],"version-history":[{"count":3,"href":"http:\/\/kombike.es\/index.php?rest_route=\/wp\/v2\/pages\/163\/revisions"}],"predecessor-version":[{"id":174,"href":"http:\/\/kombike.es\/index.php?rest_route=\/wp\/v2\/pages\/163\/revisions\/174"}],"wp:attachment":[{"href":"http:\/\/kombike.es\/index.php?rest_route=%2Fwp%2Fv2%2Fmedia&parent=163"}],"curies":[{"name":"wp","href":"https:\/\/api.w.org\/{rel}","templated":true}]}}