{"id":118,"date":"2018-11-12T18:43:45","date_gmt":"2018-11-12T18:43:45","guid":{"rendered":"http:\/\/kombike.es\/?page_id=118"},"modified":"2018-11-12T21:23:42","modified_gmt":"2018-11-12T21:23:42","slug":"bh","status":"publish","type":"page","link":"http:\/\/kombike.es\/?page_id=118","title":{"rendered":"BH road"},"content":{"rendered":"\n<p><a href=\"https:\/\/www.bhbikes.com\/es_ES\">Bicicletas BH<\/a><\/p>\n\n\n\n<p>Bicicletas que favorecen los cambios de ritmo precisos y la explosividad, con una gran rigidez que optimiza la fuerza del ciclista y transforma su esfuerzo y energ\u00eda de cada pedalada en velocidad. Estas bicis son la m\u00e1xima expresi\u00f3n de nuestra centenaria filosof\u00eda aplicada al ciclismo de competici\u00f3n. Una historia unida a grandes ciclistas como \u00c1lvaro Pino, Lale Cubino, Roberto Heras, Joseba Beloki y Alberto Contador, o los m\u00e1s recientes Thomas Voeckler, Sylvain Chavanel y Warren Barguil.<\/p>\n\n\n\n<p><br><\/p>\n\n\n\n<figure class=\"wp-block-image\"><a href=\"https:\/\/www.bhbikes.com\/es_ES\/bicicletas\/carretera\/competicion-carretera\"><img loading=\"lazy\" width=\"3636\" height=\"2000\" src=\"http:\/\/kombike.es\/wp-content\/uploads\/2018\/09\/BH-ROAD-G7-PPRO-2.jpg\" alt=\"\" class=\"wp-image-63\" srcset=\"http:\/\/kombike.es\/wp-content\/uploads\/2018\/09\/BH-ROAD-G7-PPRO-2.jpg 3636w, http:\/\/kombike.es\/wp-content\/uploads\/2018\/09\/BH-ROAD-G7-PPRO-2-300x165.jpg 300w, http:\/\/kombike.es\/wp-content\/uploads\/2018\/09\/BH-ROAD-G7-PPRO-2-768x422.jpg 768w, http:\/\/kombike.es\/wp-content\/uploads\/2018\/09\/BH-ROAD-G7-PPRO-2-1024x563.jpg 1024w\" sizes=\"(max-width: 706px) 89vw, (max-width: 767px) 82vw, 740px\" \/><\/a><figcaption><a href=\"https:\/\/www.bhbikes.com\/es_ES\/bicicletas\/carretera\/competicion-carretera\"><em>competici\u00f3n<\/em><\/a><\/figcaption><\/figure>\n\n\n\n<figure class=\"wp-block-image\"><a href=\"https:\/\/www.bhbikes.com\/es_ES\/bicicletas\/carretera\/gran-fondo\"><img loading=\"lazy\" width=\"3636\" height=\"2000\" src=\"http:\/\/kombike.es\/wp-content\/uploads\/2018\/11\/BH-ROAD-ULTRA-LIGHT-EVO-DISC.jpg\" alt=\"\" class=\"wp-image-123\" srcset=\"http:\/\/kombike.es\/wp-content\/uploads\/2018\/11\/BH-ROAD-ULTRA-LIGHT-EVO-DISC.jpg 3636w, http:\/\/kombike.es\/wp-content\/uploads\/2018\/11\/BH-ROAD-ULTRA-LIGHT-EVO-DISC-300x165.jpg 300w, http:\/\/kombike.es\/wp-content\/uploads\/2018\/11\/BH-ROAD-ULTRA-LIGHT-EVO-DISC-768x422.jpg 768w, http:\/\/kombike.es\/wp-content\/uploads\/2018\/11\/BH-ROAD-ULTRA-LIGHT-EVO-DISC-1024x563.jpg 1024w\" sizes=\"(max-width: 706px) 89vw, (max-width: 767px) 82vw, 740px\" \/><\/a><figcaption><a href=\"https:\/\/www.bhbikes.com\/es_ES\/bicicletas\/carretera\/gran-fondo\"><em>gran fondo<\/em><\/a><\/figcaption><\/figure>\n\n\n\n<figure class=\"wp-block-image\"><a href=\"https:\/\/www.bhbikes.com\/es_ES\/bicicletas\/carretera\/triatlon\"><img loading=\"lazy\" width=\"3636\" height=\"2000\" src=\"http:\/\/kombike.es\/wp-content\/uploads\/2018\/11\/BH-ROAD-G7-PRO70.jpg\" alt=\"\" class=\"wp-image-112\" srcset=\"http:\/\/kombike.es\/wp-content\/uploads\/2018\/11\/BH-ROAD-G7-PRO70.jpg 3636w, http:\/\/kombike.es\/wp-content\/uploads\/2018\/11\/BH-ROAD-G7-PRO70-300x165.jpg 300w, http:\/\/kombike.es\/wp-content\/uploads\/2018\/11\/BH-ROAD-G7-PRO70-768x422.jpg 768w, http:\/\/kombike.es\/wp-content\/uploads\/2018\/11\/BH-ROAD-G7-PRO70-1024x563.jpg 1024w\" sizes=\"(max-width: 706px) 89vw, (max-width: 767px) 82vw, 740px\" \/><\/a><figcaption><a href=\"https:\/\/www.bhbikes.com\/es_ES\/bicicletas\/carretera\/triatlon\"><em>triatlhon<\/em><\/a><\/figcaption><\/figure>\n\n\n\n<figure class=\"wp-block-image\"><a href=\"https:\/\/www.bhbikes.com\/es_ES\/bicicletas\/carretera\/aventura-y-gravel\"><img loading=\"lazy\" width=\"3636\" height=\"2000\" src=\"http:\/\/kombike.es\/wp-content\/uploads\/2018\/11\/BH-ROAD_GRAVEL-X-ALU.jpg\" alt=\"\" class=\"wp-image-124\" srcset=\"http:\/\/kombike.es\/wp-content\/uploads\/2018\/11\/BH-ROAD_GRAVEL-X-ALU.jpg 3636w, http:\/\/kombike.es\/wp-content\/uploads\/2018\/11\/BH-ROAD_GRAVEL-X-ALU-300x165.jpg 300w, http:\/\/kombike.es\/wp-content\/uploads\/2018\/11\/BH-ROAD_GRAVEL-X-ALU-768x422.jpg 768w, http:\/\/kombike.es\/wp-content\/uploads\/2018\/11\/BH-ROAD_GRAVEL-X-ALU-1024x563.jpg 1024w\" sizes=\"(max-width: 706px) 89vw, (max-width: 767px) 82vw, 740px\" \/><\/a><figcaption><a href=\"https:\/\/www.bhbikes.com\/es_ES\/bicicletas\/carretera\/aventura-y-gravel\"><em>aventura &amp; gravel<\/em><\/a><\/figcaption><\/figure>\n\n\n\n<figure class=\"wp-block-image\"><a href=\"https:\/\/www.bhbikes.com\/es_ES\/bicicletas\/carretera\/ciclocross\"><img loading=\"lazy\" width=\"3636\" height=\"2000\" src=\"http:\/\/kombike.es\/wp-content\/uploads\/2018\/11\/BH-CX.jpg\" alt=\"\" class=\"wp-image-121\" srcset=\"http:\/\/kombike.es\/wp-content\/uploads\/2018\/11\/BH-CX.jpg 3636w, http:\/\/kombike.es\/wp-content\/uploads\/2018\/11\/BH-CX-300x165.jpg 300w, http:\/\/kombike.es\/wp-content\/uploads\/2018\/11\/BH-CX-768x422.jpg 768w, http:\/\/kombike.es\/wp-content\/uploads\/2018\/11\/BH-CX-1024x563.jpg 1024w\" sizes=\"(max-width: 706px) 89vw, (max-width: 767px) 82vw, 740px\" \/><\/a><figcaption><a href=\"https:\/\/www.bhbikes.com\/es_ES\/bicicletas\/carretera\/ciclocross\"><em>ciclocross<\/em><\/a><\/figcaption><\/figure>\n\n\n\n<figure class=\"wp-block-image\"><a href=\"https:\/\/www.bhbikes.com\/es_ES\/bicicletas\/carretera\/carretera-mujer\"><img loading=\"lazy\" width=\"3636\" height=\"2000\" src=\"http:\/\/kombike.es\/wp-content\/uploads\/2018\/11\/BH-MUJER.jpg\" alt=\"\" class=\"wp-image-125\" srcset=\"http:\/\/kombike.es\/wp-content\/uploads\/2018\/11\/BH-MUJER.jpg 3636w, http:\/\/kombike.es\/wp-content\/uploads\/2018\/11\/BH-MUJER-300x165.jpg 300w, http:\/\/kombike.es\/wp-content\/uploads\/2018\/11\/BH-MUJER-768x422.jpg 768w, http:\/\/kombike.es\/wp-content\/uploads\/2018\/11\/BH-MUJER-1024x563.jpg 1024w\" sizes=\"(max-width: 706px) 89vw, (max-width: 767px) 82vw, 740px\" \/><\/a><figcaption><em><a href=\"https:\/\/www.bhbikes.com\/es_ES\/bicicletas\/carretera\/carretera-mujer\">woman<\/a><\/em><\/figcaption><\/figure>\n\n\n\n<figure class=\"wp-block-image\"><a href=\"bhbikes.com\/es_ES\/my-bh-unique(abre en una nueva ventana)\"><img loading=\"lazy\" width=\"1117\" height=\"678\" src=\"http:\/\/kombike.es\/wp-content\/uploads\/2018\/11\/Captura-de-pantalla-2018-11-12-a-las-19.32.01.png\" alt=\"\" class=\"wp-image-126\" srcset=\"http:\/\/kombike.es\/wp-content\/uploads\/2018\/11\/Captura-de-pantalla-2018-11-12-a-las-19.32.01.png 1117w, http:\/\/kombike.es\/wp-content\/uploads\/2018\/11\/Captura-de-pantalla-2018-11-12-a-las-19.32.01-300x182.png 300w, http:\/\/kombike.es\/wp-content\/uploads\/2018\/11\/Captura-de-pantalla-2018-11-12-a-las-19.32.01-768x466.png 768w, http:\/\/kombike.es\/wp-content\/uploads\/2018\/11\/Captura-de-pantalla-2018-11-12-a-las-19.32.01-1024x622.png 1024w\" sizes=\"(max-width: 706px) 89vw, (max-width: 767px) 82vw, 740px\" \/><\/a><figcaption><a href=\"https:\/\/www.bhbikes.com\/es_ES\/my-bh-unique\"><em>My BH unique<\/em><\/a><\/figcaption><\/figure>\n","protected":false},"excerpt":{"rendered":"<p>Bicicletas BH Bicicletas que favorecen los cambios de ritmo precisos y la explosividad, con una gran rigidez que optimiza la fuerza del ciclista y transforma su esfuerzo y energ\u00eda de cada pedalada en velocidad. Estas bicis son la m\u00e1xima expresi\u00f3n de nuestra centenaria filosof\u00eda aplicada al ciclismo de competici\u00f3n. Una historia unida a grandes ciclistas &hellip; <\/p>\n<p class=\"link-more\"><a href=\"http:\/\/kombike.es\/?page_id=118\" class=\"more-link\">Continuar leyendo<span class=\"screen-reader-text\"> \u00abBH road\u00bb<\/span><\/a><\/p>\n","protected":false},"author":1,"featured_media":0,"parent":0,"menu_order":0,"comment_status":"closed","ping_status":"closed","template":"","meta":[],"_links":{"self":[{"href":"http:\/\/kombike.es\/index.php?rest_route=\/wp\/v2\/pages\/118"}],"collection":[{"href":"http:\/\/kombike.es\/index.php?rest_route=\/wp\/v2\/pages"}],"about":[{"href":"http:\/\/kombike.es\/index.php?rest_route=\/wp\/v2\/types\/page"}],"author":[{"embeddable":true,"href":"http:\/\/kombike.es\/index.php?rest_route=\/wp\/v2\/users\/1"}],"replies":[{"embeddable":true,"href":"http:\/\/kombike.es\/index.php?rest_route=%2Fwp%2Fv2%2Fcomments&post=118"}],"version-history":[{"count":8,"href":"http:\/\/kombike.es\/index.php?rest_route=\/wp\/v2\/pages\/118\/revisions"}],"predecessor-version":[{"id":176,"href":"http:\/\/kombike.es\/index.php?rest_route=\/wp\/v2\/pages\/118\/revisions\/176"}],"wp:attachment":[{"href":"http:\/\/kombike.es\/index.php?rest_route=%2Fwp%2Fv2%2Fmedia&parent=118"}],"curies":[{"name":"wp","href":"https:\/\/api.w.org\/{rel}","templated":true}]}}